{"id":11614,"date":"2025-02-24T08:56:06","date_gmt":"2025-02-24T13:56:06","guid":{"rendered":"https:\/\/sitis.com.co\/?page_id=11614"},"modified":"2025-02-24T09:00:56","modified_gmt":"2025-02-24T14:00:56","slug":"ana-lucia-bravo","status":"publish","type":"page","link":"https:\/\/sitis.com.co\/en\/equipo_sitis\/ana-lucia-bravo\/","title":{"rendered":"ANA LUC\u00cdA BRAVO"},"content":{"rendered":"<div data-elementor-type=\"wp-page\" data-elementor-id=\"11614\" class=\"elementor elementor-11614\" data-elementor-post-type=\"page\">\n\t\t\t\t        <section class=\"elementor-section elementor-top-section elementor-element elementor-element-f858dae elementor-section-boxed elementor-section-height-default elementor-section-height-default ct-header-fixed-none ct-column-none ct-row-scroll-none ct-row-gradient--none\" data-id=\"f858dae\" data-element_type=\"section\" data-e-type=\"section\" data-settings=\"{&quot;background_background&quot;:&quot;classic&quot;}\">\n            \n                        <div class=\"elementor-container elementor-column-gap-extended\">\n                    <div class=\"elementor-column elementor-col-100 elementor-top-column elementor-element elementor-element-d309a98 ct-column-none col-offset-none col-color-offset-none\" data-id=\"d309a98\" data-element_type=\"column\" data-e-type=\"column\">\n        <div class=\"elementor-widget-wrap elementor-element-populated\">\n                    \n                <section class=\"elementor-section elementor-inner-section elementor-element elementor-element-91e2582 elementor-section-boxed elementor-section-height-default elementor-section-height-default ct-header-fixed-none ct-column-none ct-row-scroll-none ct-row-gradient--none\" data-id=\"91e2582\" data-element_type=\"section\" data-e-type=\"section\">\n            \n                        <div class=\"elementor-container elementor-column-gap-extended\">\n                    <div class=\"elementor-column elementor-col-50 elementor-inner-column elementor-element elementor-element-dba68b9 ct-column-none col-offset-none col-color-offset-none\" data-id=\"dba68b9\" data-element_type=\"column\" data-e-type=\"column\">\n        <div class=\"elementor-widget-wrap elementor-element-populated\">\n                    \n        \t\t<div class=\"elementor-element elementor-element-e459427 elementor-widget elementor-widget-ct_image\" data-id=\"e459427\" data-element_type=\"widget\" data-e-type=\"widget\" data-widget_type=\"ct_image.default\">\n\t\t\t\t<div class=\"elementor-widget-container\">\n\t\t\t\t\t<div class=\"ct-image-single ct-no-effect\" data-width=\"\" data-height=\"\" data-wow-delay=\"ms\">\r\n            <div class=\"ct-image-single--inner\">\r\n                            <img fetchpriority=\"high\" decoding=\"async\" width=\"1653\" height=\"663\" src=\"https:\/\/sitis.com.co\/wp-content\/uploads\/2021\/11\/logo-up.png\" class=\"no-lazyload img-main attachment-full\" alt=\"sitis\" \/>                    <\/div>\r\n    <\/div>\t\t\t\t<\/div>\n\t\t\t\t<\/div>\n\t\t            <\/div>\n        <\/div>\n                <div class=\"elementor-column elementor-col-50 elementor-inner-column elementor-element elementor-element-6fcb530 ct-column-none col-offset-none col-color-offset-none\" data-id=\"6fcb530\" data-element_type=\"column\" data-e-type=\"column\">\n        <div class=\"elementor-widget-wrap elementor-element-populated\">\n                    \n        \t\t<div class=\"elementor-element elementor-element-489133d elementor-widget elementor-widget-ct_heading\" data-id=\"489133d\" data-element_type=\"widget\" data-e-type=\"widget\" data-widget_type=\"ct_heading.default\">\n\t\t\t\t<div class=\"elementor-widget-container\">\n\t\t\t\t\t<div id=\"ct_heading-489133d\" class=\"ct-heading h-align- item-st-default highlight-style1\">\r\n  <div class=\"ct-heading--inner\"> \r\n    <div class=\"ct-inline-css\"  data-css=\"                                \">\r\n    <\/div>\r\n  \r\n\t    <h3 class=\"item--title st-default\" data-wow-delay=\"ms\">\r\n        <span class=\"ct-text-inner\">ANA LUC\u00cdA BRAVO<\/span>    <\/h3>\r\n  <\/div>\r\n<\/div>\r\n\t\t\t\t<\/div>\n\t\t\t\t<\/div>\n\t\t\t\t<div class=\"elementor-element elementor-element-7b0b274 elementor-widget elementor-widget-ct_text_editor\" data-id=\"7b0b274\" data-element_type=\"widget\" data-e-type=\"widget\" data-widget_type=\"ct_text_editor.default\">\n\t\t\t\t<div class=\"elementor-widget-container\">\n\t\t\t\t\t<div id=\"ct_text_editor-7b0b274\" class=\"ct-text-editor\" data-wow-delay=\"ms\">\n\t<div class=\"ct-item--inner\">\n\t\t<div class=\"ct-inline-css\"  data-css=\"\t        \t\t\t\">\n\n\t    <\/div>\n\t\t<div class=\"ct-text-editor elementor-clearfix\">\n\t\t\t<p>L\u00edder de Talento Humano Administrativo<\/p>\t\t\n\t\t<\/div>\n\t<\/div>\n<\/div>\t\t\t\t<\/div>\n\t\t\t\t<\/div>\n\t\t\t\t<div class=\"elementor-element elementor-element-208280b elementor-widget elementor-widget-ct_text_editor\" data-id=\"208280b\" data-element_type=\"widget\" data-e-type=\"widget\" data-widget_type=\"ct_text_editor.default\">\n\t\t\t\t<div class=\"elementor-widget-container\">\n\t\t\t\t\t<div id=\"ct_text_editor-208280b\" class=\"ct-text-editor\" data-wow-delay=\"ms\">\n\t<div class=\"ct-item--inner\">\n\t\t<div class=\"ct-inline-css\"  data-css=\"\t        \t\t\t\">\n\n\t    <\/div>\n\t\t<div class=\"ct-text-editor elementor-clearfix\">\n\t\t\t<p>L\u00edder de Talento Humano Administrativo y Tecn\u00f3loga en Gesti\u00f3n Empresarial. Soy Diplomada en Recursos Humanos con cursos en Auditor\u00eda Interna de Procesos de Calidad. M\u00e1s de 12 a\u00f1os de experiencia laboral, que me han permitido un recorrido por diferentes roles desde asistente hasta coordinadora administrativa y financiera.<\/p><p>En los \u00faltimos tres a\u00f1os, estoy enfocada en el \u00e1rea de talento humano y administraci\u00f3n dentro de Sitis, donde contin\u00fao desarrollando mis habilidades para impulsar el crecimiento organizacional. Me apasiona contribuir al \u00e9xito del equipo mientras aprendo constantemente para mejorar nuestros procesos internos.<\/p>\t\t\n\t\t<\/div>\n\t<\/div>\n<\/div>\t\t\t\t<\/div>\n\t\t\t\t<\/div>\n\t\t\t\t<div class=\"elementor-element elementor-element-f0f458f elementor-hidden-desktop elementor-hidden-tablet elementor-hidden-mobile elementor-widget elementor-widget-ct_contact_info\" data-id=\"f0f458f\" data-element_type=\"widget\" data-e-type=\"widget\" data-widget_type=\"ct_contact_info.default\">\n\t\t\t\t<div class=\"elementor-widget-container\">\n\t\t\t\t\t    <div id=\"ct_contact_info-f0f458f\" class=\"ct-contact-info ct-contact-info1 style2\" data-wow-duration=\"1.2s\">\r\n        <div class=\"ct-inline-css\"  data-css=\"            \">\r\n\r\n        <\/div>\r\n                        <div class=\"item--contact-info\">\r\n                \t    \t\t\t        <span class=\"ct-contact-icon\">\r\n    \t\t                <i aria-hidden=\"true\" class=\"flaticon flaticon-call\"><\/i>    \t\t                    \t\t\t        <\/span>\r\n    \t\t\t                        <span class=\"ct-contact-content\">\r\n                \t   +880 154 654 457 45<br\/>\n+660 923 469 432 44                    <\/span>\r\n                                   <\/div>\r\n                        <div class=\"item--contact-info\">\r\n                \t    \t\t\t        <span class=\"ct-contact-icon\">\r\n    \t\t                <i aria-hidden=\"true\" class=\"flaticon flaticon-email\"><\/i>    \t\t                    \t\t\t        <\/span>\r\n    \t\t\t                        <span class=\"ct-contact-content\">\r\n                \t   Support@gmail.com                    <\/span>\r\n                                   <\/div>\r\n                        <div class=\"item--contact-info\">\r\n                \t    \t\t\t        <span class=\"ct-contact-icon\">\r\n    \t\t                <i aria-hidden=\"true\" class=\"flaticon flaticon-location\"><\/i>    \t\t                    \t\t\t        <\/span>\r\n    \t\t\t                        <span class=\"ct-contact-content\">\r\n                \t   Ave 14th Street, khulna-1212,<br\/>\nSan Franciso, USA 4200.                    <\/span>\r\n                                   <\/div>\r\n            <\/div>\r\n\t\t\t\t<\/div>\n\t\t\t\t<\/div>\n\t\t            <\/div>\n        <\/div>\n                    <\/div>\n        <\/section>\n                <section class=\"elementor-section elementor-inner-section elementor-element elementor-element-55433ec elementor-section-content-middle elementor-hidden-desktop elementor-hidden-tablet elementor-hidden-mobile elementor-section-boxed elementor-section-height-default elementor-section-height-default ct-header-fixed-none ct-column-none ct-row-scroll-none ct-row-gradient--none\" data-id=\"55433ec\" data-element_type=\"section\" data-e-type=\"section\">\n            \n                        <div class=\"elementor-container elementor-column-gap-extended\">\n                    <div class=\"elementor-column elementor-col-50 elementor-inner-column elementor-element elementor-element-f84944b ct-column-none col-offset-none col-color-offset-none\" data-id=\"f84944b\" data-element_type=\"column\" data-e-type=\"column\">\n        <div class=\"elementor-widget-wrap elementor-element-populated\">\n                    \n        \t\t<div class=\"elementor-element elementor-element-d7af147 elementor-widget elementor-widget-ct_heading\" data-id=\"d7af147\" data-element_type=\"widget\" data-e-type=\"widget\" data-widget_type=\"ct_heading.default\">\n\t\t\t\t<div class=\"elementor-widget-container\">\n\t\t\t\t\t<div id=\"ct_heading-d7af147\" class=\"ct-heading h-align- item-st-default highlight-style1\">\r\n  <div class=\"ct-heading--inner\"> \r\n    <div class=\"ct-inline-css\"  data-css=\"                                \">\r\n    <\/div>\r\n  \r\n\t    <h3 class=\"item--title st-default\" data-wow-delay=\"ms\">\r\n        <span class=\"ct-text-inner\">Activities<\/span>    <\/h3>\r\n  <\/div>\r\n<\/div>\r\n\t\t\t\t<\/div>\n\t\t\t\t<\/div>\n\t\t\t\t<div class=\"elementor-element elementor-element-9a7292d elementor-widget elementor-widget-ct_text_editor\" data-id=\"9a7292d\" data-element_type=\"widget\" data-e-type=\"widget\" data-widget_type=\"ct_text_editor.default\">\n\t\t\t\t<div class=\"elementor-widget-container\">\n\t\t\t\t\t<div id=\"ct_text_editor-9a7292d\" class=\"ct-text-editor\" data-wow-delay=\"ms\">\n\t<div class=\"ct-item--inner\">\n\t\t<div class=\"ct-inline-css\"  data-css=\"\t        \t\t\t\">\n\n\t    <\/div>\n\t\t<div class=\"ct-text-editor elementor-clearfix\">\n\t\t\tA hosted desktop solution allows for the delivery of a consistent and scalable IT experience for all users in an organisation.\t\t\n\t\t<\/div>\n\t<\/div>\n<\/div>\t\t\t\t<\/div>\n\t\t\t\t<\/div>\n\t\t\t\t<div class=\"elementor-element elementor-element-b5004b5 elementor-widget elementor-widget-ct_list\" data-id=\"b5004b5\" data-element_type=\"widget\" data-e-type=\"widget\" data-widget_type=\"ct_list.default\">\n\t\t\t\t<div class=\"elementor-widget-container\">\n\t\t\t\t\t    <div class=\"ct-list\">\r\n                    <div class=\"ct-list-item\">\r\n                                    <div class=\"ct-list-icon\">\r\n                        <i aria-hidden=\"true\" class=\"fas fa-check-circle\"><\/i>                    <\/div>\r\n                            \t<div class=\"ct-list-content\">\r\n\t            \tExperienced Attorneys Professional.\t            <\/div>\r\n           <\/div>\r\n                    <div class=\"ct-list-item\">\r\n                                    <div class=\"ct-list-icon\">\r\n                        <i aria-hidden=\"true\" class=\"fas fa-check-circle\"><\/i>                    <\/div>\r\n                            \t<div class=\"ct-list-content\">\r\n\t            \tExperienced Attorneys Approach.\t            <\/div>\r\n           <\/div>\r\n                    <div class=\"ct-list-item\">\r\n                                    <div class=\"ct-list-icon\">\r\n                        <i aria-hidden=\"true\" class=\"fas fa-check-circle\"><\/i>                    <\/div>\r\n                            \t<div class=\"ct-list-content\">\r\n\t            \tIndependence Makes Difference.\t            <\/div>\r\n           <\/div>\r\n                    <div class=\"ct-list-item\">\r\n                                    <div class=\"ct-list-icon\">\r\n                        <i aria-hidden=\"true\" class=\"fas fa-check-circle\"><\/i>                    <\/div>\r\n                            \t<div class=\"ct-list-content\">\r\n\t            \tCommitted To Helping Our Clients.\t            <\/div>\r\n           <\/div>\r\n            <\/div>\r\n\t\t\t\t<\/div>\n\t\t\t\t<\/div>\n\t\t            <\/div>\n        <\/div>\n                <div class=\"elementor-column elementor-col-50 elementor-inner-column elementor-element elementor-element-3ddd234 ct-column-none col-offset-none col-color-offset-none\" data-id=\"3ddd234\" data-element_type=\"column\" data-e-type=\"column\">\n        <div class=\"elementor-widget-wrap elementor-element-populated\">\n                    \n        \t\t<div class=\"elementor-element elementor-element-1cb7060 elementor-widget elementor-widget-ct_progressbar\" data-id=\"1cb7060\" data-element_type=\"widget\" data-e-type=\"widget\" data-widget_type=\"ct_progressbar.default\">\n\t\t\t\t<div class=\"elementor-widget-container\">\n\t\t\t\t\t    <div id=\"ct_progressbar-1cb7060\" class=\"ct-progressbar ct-progressbar1 style1\">\n                    \n            <div class=\"ct-progress-item\">\n                                    <h5 class=\"ct-progress-title\">IT Consulting <\/h5>\n                                <div class=\"ct-progress-bar-wrap\">\n                    <div class=\"ct-progress-bar\" role=\"progressbar\" data-valuetransitiongoal=\"85\">\n                        <div class=\"ct-progress-percentage\">85%<\/div>\n                    <\/div>\n                <\/div>\n            <\/div>\n                    \n            <div class=\"ct-progress-item\">\n                                    <h5 class=\"ct-progress-title\">Managed IT Services<\/h5>\n                                <div class=\"ct-progress-bar-wrap\">\n                    <div class=\"ct-progress-bar\" role=\"progressbar\" data-valuetransitiongoal=\"80\">\n                        <div class=\"ct-progress-percentage\">80%<\/div>\n                    <\/div>\n                <\/div>\n            <\/div>\n                    \n            <div class=\"ct-progress-item\">\n                                    <h5 class=\"ct-progress-title\">Softwer Development<\/h5>\n                                <div class=\"ct-progress-bar-wrap\">\n                    <div class=\"ct-progress-bar\" role=\"progressbar\" data-valuetransitiongoal=\"90\">\n                        <div class=\"ct-progress-percentage\">90%<\/div>\n                    <\/div>\n                <\/div>\n            <\/div>\n                    \n            <div class=\"ct-progress-item\">\n                                    <h5 class=\"ct-progress-title\">Data Backup & Recovery<\/h5>\n                                <div class=\"ct-progress-bar-wrap\">\n                    <div class=\"ct-progress-bar\" role=\"progressbar\" data-valuetransitiongoal=\"75\">\n                        <div class=\"ct-progress-percentage\">75%<\/div>\n                    <\/div>\n                <\/div>\n            <\/div>\n            <\/div>\n\t\t\t\t<\/div>\n\t\t\t\t<\/div>\n\t\t            <\/div>\n        <\/div>\n                    <\/div>\n        <\/section>\n                    <\/div>\n        <\/div>\n                    <\/div>\n        <\/section>\n                <section class=\"elementor-section elementor-top-section elementor-element elementor-element-4e45ace elementor-section-boxed elementor-section-height-default elementor-section-height-default ct-header-fixed-none ct-column-none ct-row-scroll-none ct-row-gradient--none\" data-id=\"4e45ace\" data-element_type=\"section\" data-e-type=\"section\">\n            \n                        <div class=\"elementor-container elementor-column-gap-default\">\n                    <div class=\"elementor-column elementor-col-100 elementor-top-column elementor-element elementor-element-a8517f7 ct-column-none col-offset-none col-color-offset-none\" data-id=\"a8517f7\" data-element_type=\"column\" data-e-type=\"column\">\n        <div class=\"elementor-widget-wrap elementor-element-populated\">\n                    \n        \t\t<div class=\"elementor-element elementor-element-e34da7e elementor-align-center elementor-widget elementor-widget-ct_button\" data-id=\"e34da7e\" data-element_type=\"widget\" data-e-type=\"widget\" data-widget_type=\"ct_button.default\">\n\t\t\t\t<div class=\"elementor-widget-container\">\n\t\t\t\t\t<div id=\"ct_button-e34da7e\" class=\"ct-button-wrapper ct-button-layout1\">\r\n    <div class=\"ct-inline-css\"  data-css=\"        \">\r\n    <\/div>\r\n\r\n            <span class=\"ct-icon-active\"><\/span>\r\n        <a href=\"https:\/\/sitis.com.co\/en\/equipo_sitis\/\" class=\"btn btn-default  icon-ps-\" data-wow-delay=\"ms\">\r\n                            <span class=\"ct-button-icon ct-icon-normal ct-align-icon-\">\r\n                            <\/span>\r\n                <span class=\"ct-button-text\">\r\n            Regresar        <\/span>\r\n    <\/a>\r\n<\/div>\t\t\t\t<\/div>\n\t\t\t\t<\/div>\n\t\t            <\/div>\n        <\/div>\n                    <\/div>\n        <\/section>\n                <section class=\"elementor-section elementor-top-section elementor-element elementor-element-f9e94a5 elementor-section-boxed elementor-section-height-default elementor-section-height-default ct-header-fixed-none ct-column-none ct-row-scroll-none ct-row-gradient--none\" data-id=\"f9e94a5\" data-element_type=\"section\" data-e-type=\"section\">\n            \n                        <div class=\"elementor-container elementor-column-gap-default\">\n                    <div class=\"elementor-column elementor-col-100 elementor-top-column elementor-element elementor-element-3526172 ct-column-none col-offset-none col-color-offset-none\" data-id=\"3526172\" data-element_type=\"column\" data-e-type=\"column\">\n        <div class=\"elementor-widget-wrap elementor-element-populated\">\n                    \n        \t\t<div class=\"elementor-element elementor-element-f38e42a elementor-widget elementor-widget-spacer\" data-id=\"f38e42a\" data-element_type=\"widget\" data-e-type=\"widget\" data-widget_type=\"spacer.default\">\n\t\t\t\t<div class=\"elementor-widget-container\">\n\t\t\t\t\t\t\t<div class=\"elementor-spacer\">\n\t\t\t<div class=\"elementor-spacer-inner\"><\/div>\n\t\t<\/div>\n\t\t\t\t\t\t<\/div>\n\t\t\t\t<\/div>\n\t\t            <\/div>\n        <\/div>\n                    <\/div>\n        <\/section>\n        \t\t<\/div>","protected":false},"excerpt":{"rendered":"<p>ANA LUC\u00cdA BRAVO L\u00edder de Talento Humano Administrativo L\u00edder de Talento Humano Administrativo y Tecn\u00f3loga en Gesti\u00f3n Empresarial. Soy Diplomada en Recursos Humanos con cursos en Auditor\u00eda Interna de Procesos de Calidad. M\u00e1s de 12 a\u00f1os de experiencia laboral, que me han permitido un recorrido por diferentes roles desde asistente hasta coordinadora administrativa y financiera. [&hellip;]<\/p>\n","protected":false},"author":1,"featured_media":0,"parent":11153,"menu_order":0,"comment_status":"closed","ping_status":"closed","template":"","meta":{"footnotes":""},"class_list":["post-11614","page","type-page","status-publish","hentry"],"_links":{"self":[{"href":"https:\/\/sitis.com.co\/en\/wp-json\/wp\/v2\/pages\/11614","targetHints":{"allow":["GET"]}}],"collection":[{"href":"https:\/\/sitis.com.co\/en\/wp-json\/wp\/v2\/pages"}],"about":[{"href":"https:\/\/sitis.com.co\/en\/wp-json\/wp\/v2\/types\/page"}],"author":[{"embeddable":true,"href":"https:\/\/sitis.com.co\/en\/wp-json\/wp\/v2\/users\/1"}],"replies":[{"embeddable":true,"href":"https:\/\/sitis.com.co\/en\/wp-json\/wp\/v2\/comments?post=11614"}],"version-history":[{"count":4,"href":"https:\/\/sitis.com.co\/en\/wp-json\/wp\/v2\/pages\/11614\/revisions"}],"predecessor-version":[{"id":11636,"href":"https:\/\/sitis.com.co\/en\/wp-json\/wp\/v2\/pages\/11614\/revisions\/11636"}],"up":[{"embeddable":true,"href":"https:\/\/sitis.com.co\/en\/wp-json\/wp\/v2\/pages\/11153"}],"wp:attachment":[{"href":"https:\/\/sitis.com.co\/en\/wp-json\/wp\/v2\/media?parent=11614"}],"curies":[{"name":"wp","href":"https:\/\/api.w.org\/{rel}","templated":true}]}}