{"id":191,"date":"2021-09-24T03:56:12","date_gmt":"2021-09-24T03:56:12","guid":{"rendered":"https:\/\/demo.casethemes.net\/itfirm\/?page_id=191"},"modified":"2023-09-27T09:09:10","modified_gmt":"2023-09-27T14:09:10","slug":"noticias","status":"publish","type":"page","link":"https:\/\/sitis.com.co\/en\/noticias\/","title":{"rendered":"News"},"content":{"rendered":"\t\t<div data-elementor-type=\"wp-page\" data-elementor-id=\"191\" class=\"elementor elementor-191\" data-elementor-post-type=\"page\">\n\t\t\t\t        <section class=\"elementor-section elementor-top-section elementor-element elementor-element-27cc8bfd elementor-section-full_width elementor-section-stretched elementor-section-height-default elementor-section-height-default ct-header-fixed-none ct-column-none ct-row-scroll-none ct-row-gradient--none ct-container-none\" data-id=\"27cc8bfd\" data-element_type=\"section\" data-e-type=\"section\" data-settings=\"{&quot;stretch_section&quot;:&quot;section-stretched&quot;}\">\n            \n                        <div class=\"elementor-container elementor-column-gap-extended \">\n                    <div class=\"elementor-column elementor-col-100 elementor-top-column elementor-element elementor-element-7b8e237d ct-column-none col-offset-none col-color-offset-none\" data-id=\"7b8e237d\" data-element_type=\"column\" data-e-type=\"column\">\n        <div class=\"elementor-widget-wrap elementor-element-populated\">\n                    \n        \t\t<div class=\"elementor-element elementor-element-5b76e870 elementor-widget elementor-widget-ct_blog_grid\" data-id=\"5b76e870\" data-element_type=\"widget\" data-e-type=\"widget\" data-widget_type=\"ct_blog_grid.default\">\n\t\t\t\t<div class=\"elementor-widget-container\">\n\t\t\t\t\t\r\n<div id=\"ct_blog_grid-5b76e870\" class=\"ct-grid ct-blog-grid ct-blog-grid-layout1\" data-layout=\"masonry\" data-start-page=\"1\" data-max-pages=\"2\" data-total=\"7\" data-perpage=\"6\" data-next-link=\"https:\/\/sitis.com.co\/en\/wp-json\/wp\/v2\/pages\/191\/page\/2\/\">\r\n    <div class=\"ct-grid-overlay\"><\/div>\r\n    \r\n    <div class=\"ct-grid-inner ct-grid-masonry row animate-time\" data-gutter=\"15\">\r\n                            <div class=\"grid-item col-xl-4 col-lg-6 col-md-6 col-sm-6 col-12 bienestar-empresarial\">\r\n                        <div class=\"grid-item-inner \" data-wow-duration=\"1.2s\">\r\n                            <div class=\"item--featured\">\r\n                                <a href=\"https:\/\/sitis.com.co\/en\/2023\/11\/22\/google-crea-nueva-herramienta\/\"><img fetchpriority=\"high\" decoding=\"async\" class=\"no-lazyload \" src=\"https:\/\/sitis.com.co\/wp-content\/uploads\/2023\/03\/h9-banner5.jpg\" width=\"600\" height=\"240\" alt=\"sitis\" title=\"h9-banner5\" \/><\/a>\r\n                            <\/div>\r\n                            <div class=\"item--holder item--main\">\r\n                                                                    <ul class=\"item--meta\">\r\n                                                                                    <li class=\"item-date\"><i class=\"caseicon-calendar\"><\/i>November 22, 2023<\/li>\r\n                                                                                                                            <li class=\"item-author\">\r\n                                                <i class=\"caseicon-user\"><\/i><a href=\"https:\/\/sitis.com.co\/en\/author\/admin\/\">admin<\/a>\r\n                                            <\/li>\r\n                                                                            <\/ul>\r\n                                                                <h3 class=\"item--title\"><a href=\"https:\/\/sitis.com.co\/en\/2023\/11\/22\/google-crea-nueva-herramienta\/\">Google crea nueva herramienta<\/a><\/h3>\r\n                            <\/div>\r\n                            <div class=\"item--holder item--hover\">\r\n                                <h3 class=\"item--title\"><a href=\"https:\/\/sitis.com.co\/en\/2023\/11\/22\/google-crea-nueva-herramienta\/\">Google crea nueva herramienta<\/a><\/h3>\r\n                                                                    <div class=\"item--content\">\r\n                                                                            <\/div>\r\n                                                                                                    <div class=\"item--readmore\">\r\n                                        <a class=\"btn btn-primary\" href=\"https:\/\/sitis.com.co\/en\/2023\/11\/22\/google-crea-nueva-herramienta\/\">\r\n                                            <span>Read more<\/span>\r\n                                            <i class=\"caseicon-angle-arrow-right\"><\/i>\r\n                                        <\/a>\r\n                                    <\/div>\r\n                                                            <\/div>\r\n                        <\/div>\r\n                    <\/div>\r\n                                    <div class=\"grid-item col-xl-4 col-lg-6 col-md-6 col-sm-6 col-12 informacion-it\">\r\n                        <div class=\"grid-item-inner \" data-wow-duration=\"1.2s\">\r\n                            <div class=\"item--featured\">\r\n                                <a href=\"https:\/\/sitis.com.co\/en\/2023\/09\/27\/interoperabilidad-mayor-innovacion-tecnologica-y-digital-clave-para-mejorar-el-acceso-a-la-salud-en-las-regiones-del-pais\/\"><img decoding=\"async\" class=\"no-lazyload \" src=\"https:\/\/sitis.com.co\/wp-content\/uploads\/2023\/09\/trsfhfdgfdgfdg.png\" width=\"557\" height=\"262\" alt=\"sitis\" title=\"mesa de lectura\" \/><\/a>\r\n                            <\/div>\r\n                            <div class=\"item--holder item--main\">\r\n                                                                    <ul class=\"item--meta\">\r\n                                                                                    <li class=\"item-date\"><i class=\"caseicon-calendar\"><\/i>September 27, 2023<\/li>\r\n                                                                                                                            <li class=\"item-author\">\r\n                                                <i class=\"caseicon-user\"><\/i><a href=\"https:\/\/sitis.com.co\/en\/author\/admin\/\">admin<\/a>\r\n                                            <\/li>\r\n                                                                            <\/ul>\r\n                                                                <h3 class=\"item--title\"><a href=\"https:\/\/sitis.com.co\/en\/2023\/09\/27\/interoperabilidad-mayor-innovacion-tecnologica-y-digital-clave-para-mejorar-el-acceso-a-la-salud-en-las-regiones-del-pais\/\">INTEROPERABILIDAD. Mayor innovaci\u00f3n tecnol\u00f3gica y digital, clave para mejorar el acceso a la salud en las regiones del pa\u00eds<\/a><\/h3>\r\n                            <\/div>\r\n                            <div class=\"item--holder item--hover\">\r\n                                <h3 class=\"item--title\"><a href=\"https:\/\/sitis.com.co\/en\/2023\/09\/27\/interoperabilidad-mayor-innovacion-tecnologica-y-digital-clave-para-mejorar-el-acceso-a-la-salud-en-las-regiones-del-pais\/\">INTEROPERABILIDAD. Mayor innovaci\u00f3n tecnol\u00f3gica y digital, clave para mejorar el acceso a la salud en las regiones del pa\u00eds<\/a><\/h3>\r\n                                                                    <div class=\"item--content\">\r\n                                        Nuestro pa\u00eds ha avanzado en materia de salud&hellip;                                    <\/div>\r\n                                                                                                    <div class=\"item--readmore\">\r\n                                        <a class=\"btn btn-primary\" href=\"https:\/\/sitis.com.co\/en\/2023\/09\/27\/interoperabilidad-mayor-innovacion-tecnologica-y-digital-clave-para-mejorar-el-acceso-a-la-salud-en-las-regiones-del-pais\/\">\r\n                                            <span>Read more<\/span>\r\n                                            <i class=\"caseicon-angle-arrow-right\"><\/i>\r\n                                        <\/a>\r\n                                    <\/div>\r\n                                                            <\/div>\r\n                        <\/div>\r\n                    <\/div>\r\n                                    <div class=\"grid-item col-xl-4 col-lg-6 col-md-6 col-sm-6 col-12 informacion-it\">\r\n                        <div class=\"grid-item-inner \" data-wow-duration=\"1.2s\">\r\n                            <div class=\"item--featured\">\r\n                                <a href=\"https:\/\/sitis.com.co\/en\/2023\/08\/15\/inteligencia-artificial-el-impacto-de-la-ia-en-el-bienestar-y-la-salud-mental\/\"><img decoding=\"async\" class=\"no-lazyload \" src=\"https:\/\/sitis.com.co\/wp-content\/uploads\/2023\/08\/sadsad.png\" width=\"573\" height=\"287\" alt=\"sitis\" title=\"noticia 2\" \/><\/a>\r\n                            <\/div>\r\n                            <div class=\"item--holder item--main\">\r\n                                                                    <ul class=\"item--meta\">\r\n                                                                                    <li class=\"item-date\"><i class=\"caseicon-calendar\"><\/i>August 15, 2023<\/li>\r\n                                                                                                                            <li class=\"item-author\">\r\n                                                <i class=\"caseicon-user\"><\/i><a href=\"https:\/\/sitis.com.co\/en\/author\/admin\/\">admin<\/a>\r\n                                            <\/li>\r\n                                                                            <\/ul>\r\n                                                                <h3 class=\"item--title\"><a href=\"https:\/\/sitis.com.co\/en\/2023\/08\/15\/inteligencia-artificial-el-impacto-de-la-ia-en-el-bienestar-y-la-salud-mental\/\">INTELIGENCIA ARTIFICIAL. El impacto de la IA en el bienestar y la salud mental<\/a><\/h3>\r\n                            <\/div>\r\n                            <div class=\"item--holder item--hover\">\r\n                                <h3 class=\"item--title\"><a href=\"https:\/\/sitis.com.co\/en\/2023\/08\/15\/inteligencia-artificial-el-impacto-de-la-ia-en-el-bienestar-y-la-salud-mental\/\">INTELIGENCIA ARTIFICIAL. El impacto de la IA en el bienestar y la salud mental<\/a><\/h3>\r\n                                                                    <div class=\"item--content\">\r\n                                        \u201cCada vez el hardware se est\u00e1 haciendo mucho&hellip;                                    <\/div>\r\n                                                                                                    <div class=\"item--readmore\">\r\n                                        <a class=\"btn btn-primary\" href=\"https:\/\/sitis.com.co\/en\/2023\/08\/15\/inteligencia-artificial-el-impacto-de-la-ia-en-el-bienestar-y-la-salud-mental\/\">\r\n                                            <span>Read more<\/span>\r\n                                            <i class=\"caseicon-angle-arrow-right\"><\/i>\r\n                                        <\/a>\r\n                                    <\/div>\r\n                                                            <\/div>\r\n                        <\/div>\r\n                    <\/div>\r\n                                    <div class=\"grid-item col-xl-4 col-lg-6 col-md-6 col-sm-6 col-12 informacion-it\">\r\n                        <div class=\"grid-item-inner \" data-wow-duration=\"1.2s\">\r\n                            <div class=\"item--featured\">\r\n                                <a href=\"https:\/\/sitis.com.co\/en\/2023\/04\/14\/mintic-destaco-los-beneficios-de-la-interoperabilidad-en-el-sector-salud\/\"><img loading=\"lazy\" decoding=\"async\" class=\"no-lazyload \" src=\"https:\/\/sitis.com.co\/wp-content\/uploads\/2023\/04\/sdgdfgsfd.png\" width=\"575\" height=\"239\" alt=\"sitis\" title=\"noticia 1\" \/><\/a>\r\n                            <\/div>\r\n                            <div class=\"item--holder item--main\">\r\n                                                                    <ul class=\"item--meta\">\r\n                                                                                    <li class=\"item-date\"><i class=\"caseicon-calendar\"><\/i>April 14, 2023<\/li>\r\n                                                                                                                            <li class=\"item-author\">\r\n                                                <i class=\"caseicon-user\"><\/i><a href=\"https:\/\/sitis.com.co\/en\/author\/admin\/\">admin<\/a>\r\n                                            <\/li>\r\n                                                                            <\/ul>\r\n                                                                <h3 class=\"item--title\"><a href=\"https:\/\/sitis.com.co\/en\/2023\/04\/14\/mintic-destaco-los-beneficios-de-la-interoperabilidad-en-el-sector-salud\/\">MinTIC destac\u00f3 los beneficios de la interoperabilidad en el sector salud<\/a><\/h3>\r\n                            <\/div>\r\n                            <div class=\"item--holder item--hover\">\r\n                                <h3 class=\"item--title\"><a href=\"https:\/\/sitis.com.co\/en\/2023\/04\/14\/mintic-destaco-los-beneficios-de-la-interoperabilidad-en-el-sector-salud\/\">MinTIC destac\u00f3 los beneficios de la interoperabilidad en el sector salud<\/a><\/h3>\r\n                                                                    <div class=\"item--content\">\r\n                                        \"Gracias a las medidas que hemos tomado como&hellip;                                    <\/div>\r\n                                                                                                    <div class=\"item--readmore\">\r\n                                        <a class=\"btn btn-primary\" href=\"https:\/\/sitis.com.co\/en\/2023\/04\/14\/mintic-destaco-los-beneficios-de-la-interoperabilidad-en-el-sector-salud\/\">\r\n                                            <span>Read more<\/span>\r\n                                            <i class=\"caseicon-angle-arrow-right\"><\/i>\r\n                                        <\/a>\r\n                                    <\/div>\r\n                                                            <\/div>\r\n                        <\/div>\r\n                    <\/div>\r\n                                    <div class=\"grid-item col-xl-4 col-lg-6 col-md-6 col-sm-6 col-12 informacion-it\">\r\n                        <div class=\"grid-item-inner \" data-wow-duration=\"1.2s\">\r\n                            <div class=\"item--featured\">\r\n                                <a href=\"https:\/\/sitis.com.co\/en\/2023\/01\/12\/digitalizacion-de-la-salud-en-colombia-una-revision-de-las-oportunidades-y-desafios-para-los-pacientes-en-2023\/\"><img loading=\"lazy\" decoding=\"async\" class=\"no-lazyload \" src=\"https:\/\/sitis.com.co\/wp-content\/uploads\/2023\/09\/7a35862c-8c06-44cc-b192-520d251b143c-600x413.jpg\" width=\"600\" height=\"413\" alt=\"sitis\" title=\"7a35862c-8c06-44cc-b192-520d251b143c\" \/><\/a>\r\n                            <\/div>\r\n                            <div class=\"item--holder item--main\">\r\n                                                                    <ul class=\"item--meta\">\r\n                                                                                    <li class=\"item-date\"><i class=\"caseicon-calendar\"><\/i>January 12, 2023<\/li>\r\n                                                                                                                            <li class=\"item-author\">\r\n                                                <i class=\"caseicon-user\"><\/i><a href=\"https:\/\/sitis.com.co\/en\/author\/admin\/\">admin<\/a>\r\n                                            <\/li>\r\n                                                                            <\/ul>\r\n                                                                <h3 class=\"item--title\"><a href=\"https:\/\/sitis.com.co\/en\/2023\/01\/12\/digitalizacion-de-la-salud-en-colombia-una-revision-de-las-oportunidades-y-desafios-para-los-pacientes-en-2023\/\">Digitalizaci\u00f3n de la salud en Colombia. Una revisi\u00f3n de las oportunidades y desaf\u00edos para los pacientes en 2023<\/a><\/h3>\r\n                            <\/div>\r\n                            <div class=\"item--holder item--hover\">\r\n                                <h3 class=\"item--title\"><a href=\"https:\/\/sitis.com.co\/en\/2023\/01\/12\/digitalizacion-de-la-salud-en-colombia-una-revision-de-las-oportunidades-y-desafios-para-los-pacientes-en-2023\/\">Digitalizaci\u00f3n de la salud en Colombia. Una revisi\u00f3n de las oportunidades y desaf\u00edos para los pacientes en 2023<\/a><\/h3>\r\n                                                                    <div class=\"item--content\">\r\n                                        La HCE en salud digital como herramienta tecnol\u00f3gica&hellip;                                    <\/div>\r\n                                                                                                    <div class=\"item--readmore\">\r\n                                        <a class=\"btn btn-primary\" href=\"https:\/\/sitis.com.co\/en\/2023\/01\/12\/digitalizacion-de-la-salud-en-colombia-una-revision-de-las-oportunidades-y-desafios-para-los-pacientes-en-2023\/\">\r\n                                            <span>Read more<\/span>\r\n                                            <i class=\"caseicon-angle-arrow-right\"><\/i>\r\n                                        <\/a>\r\n                                    <\/div>\r\n                                                            <\/div>\r\n                        <\/div>\r\n                    <\/div>\r\n                                    <div class=\"grid-item col-xl-4 col-lg-6 col-md-6 col-sm-6 col-12 informacion-it\">\r\n                        <div class=\"grid-item-inner \" data-wow-duration=\"1.2s\">\r\n                            <div class=\"item--featured\">\r\n                                <a href=\"https:\/\/sitis.com.co\/en\/2022\/09\/10\/por-mejores-practicas-en-la-dispensacion-de-medicamentos\/\"><img loading=\"lazy\" decoding=\"async\" class=\"no-lazyload \" src=\"https:\/\/sitis.com.co\/wp-content\/uploads\/2022\/09\/gfdhfdhfdhd.png\" width=\"573\" height=\"287\" alt=\"sitis\" title=\"tenologia\" \/><\/a>\r\n                            <\/div>\r\n                            <div class=\"item--holder item--main\">\r\n                                                                    <ul class=\"item--meta\">\r\n                                                                                    <li class=\"item-date\"><i class=\"caseicon-calendar\"><\/i>September 10, 2022<\/li>\r\n                                                                                                                            <li class=\"item-author\">\r\n                                                <i class=\"caseicon-user\"><\/i><a href=\"https:\/\/sitis.com.co\/en\/author\/admin\/\">admin<\/a>\r\n                                            <\/li>\r\n                                                                            <\/ul>\r\n                                                                <h3 class=\"item--title\"><a href=\"https:\/\/sitis.com.co\/en\/2022\/09\/10\/por-mejores-practicas-en-la-dispensacion-de-medicamentos\/\">Por mejores pr\u00e1cticas en la dispensaci\u00f3n de medicamentos<\/a><\/h3>\r\n                            <\/div>\r\n                            <div class=\"item--holder item--hover\">\r\n                                <h3 class=\"item--title\"><a href=\"https:\/\/sitis.com.co\/en\/2022\/09\/10\/por-mejores-practicas-en-la-dispensacion-de-medicamentos\/\">Por mejores pr\u00e1cticas en la dispensaci\u00f3n de medicamentos<\/a><\/h3>\r\n                                                                    <div class=\"item--content\">\r\n                                        La HCE en salud digital como herramienta tecnol\u00f3gica&hellip;                                    <\/div>\r\n                                                                                                    <div class=\"item--readmore\">\r\n                                        <a class=\"btn btn-primary\" href=\"https:\/\/sitis.com.co\/en\/2022\/09\/10\/por-mejores-practicas-en-la-dispensacion-de-medicamentos\/\">\r\n                                            <span>Read more<\/span>\r\n                                            <i class=\"caseicon-angle-arrow-right\"><\/i>\r\n                                        <\/a>\r\n                                    <\/div>\r\n                                                            <\/div>\r\n                        <\/div>\r\n                    <\/div>\r\n                                    <div class=\"grid-sizer col-xl-4 col-lg-6 col-md-6 col-sm-6 col-12\"><\/div>\r\n            <\/div>\r\n            <div class=\"ct-grid-pagination\" data-loadmore=\"{&quot;startPage&quot;:1,&quot;maxPages&quot;:2,&quot;total&quot;:7,&quot;perpage&quot;:&quot;6&quot;,&quot;nextLink&quot;:&quot;https:\\\/\\\/sitis.com.co\\\/en\\\/wp-json\\\/wp\\\/v2\\\/pages\\\/191\\\/page\\\/2\\\/&quot;,&quot;source&quot;:&quot;&quot;,&quot;orderby&quot;:&quot;date&quot;,&quot;order&quot;:&quot;desc&quot;,&quot;limit&quot;:&quot;6&quot;,&quot;post_ids&quot;:&quot;&quot;,&quot;col_xl&quot;:4,&quot;col_lg&quot;:6,&quot;col_md&quot;:6,&quot;col_sm&quot;:6,&quot;col_xs&quot;:12,&quot;pagination_type&quot;:&quot;pagination&quot;,&quot;show_author&quot;:&quot;true&quot;,&quot;show_date&quot;:&quot;true&quot;,&quot;show_button&quot;:&quot;true&quot;,&quot;button_text&quot;:&quot;&quot;,&quot;show_excerpt&quot;:&quot;true&quot;,&quot;num_words&quot;:8,&quot;img_size&quot;:&quot;&quot;,&quot;grid_masonry&quot;:&quot;&quot;,&quot;ct_animate&quot;:&quot;&quot;,&quot;template_type&quot;:&quot;post_grid_layout1&quot;,&quot;tax&quot;:[&quot;category&quot;]}\" data-query=\"{&quot;post_type&quot;:&quot;post&quot;,&quot;post_status&quot;:&quot;publish&quot;,&quot;posts_per_page&quot;:6,&quot;order&quot;:&quot;desc&quot;,&quot;orderby&quot;:&quot;date&quot;,&quot;tax_query&quot;:{&quot;relation&quot;:&quot;OR&quot;},&quot;post__not_in&quot;:[191]}\">\r\n                <nav class=\"ct-posts-pagination ajax\">\r\n        <div class=\"posts-page-links\">\r\n            <span aria-label=\"Page 1\" aria-current=\"page\" class=\"page-numbers current\">1<\/span>\n<a aria-label=\"Page 2\" class=\"page-numbers\" href=\"#2\">2<\/a>\n<a class=\"next page-numbers\" href=\"#2\"><i class=\"caseicon-angle-arrow-right\"><\/i><\/a>        <\/div>\r\n    <\/nav>\r\n            <\/div>\r\n        <\/div>\t\t\t\t<\/div>\n\t\t\t\t<\/div>\n\t\t            <\/div>\n        <\/div>\n                    <\/div>\n        <\/section>\n        \t\t<\/div>\n\t\t","protected":false},"excerpt":{"rendered":"<p>septiembre 5, 2023 admin Los equipos organizativos de la son como familias. Los equipos organizativos de la son como familias. Con m\u00e1s de una d\u00e9cada de experiencia, nos&hellip; Read more septiembre 5, 2023 admin Revitalizar a su gente en una crisis minorista. Revitalizar a su gente en una crisis minorista. Con m\u00e1s de una d\u00e9cada [&hellip;]<\/p>\n","protected":false},"author":1,"featured_media":0,"parent":0,"menu_order":0,"comment_status":"closed","ping_status":"closed","template":"","meta":{"footnotes":""},"class_list":["post-191","page","type-page","status-publish","hentry"],"_links":{"self":[{"href":"https:\/\/sitis.com.co\/en\/wp-json\/wp\/v2\/pages\/191","targetHints":{"allow":["GET"]}}],"collection":[{"href":"https:\/\/sitis.com.co\/en\/wp-json\/wp\/v2\/pages"}],"about":[{"href":"https:\/\/sitis.com.co\/en\/wp-json\/wp\/v2\/types\/page"}],"author":[{"embeddable":true,"href":"https:\/\/sitis.com.co\/en\/wp-json\/wp\/v2\/users\/1"}],"replies":[{"embeddable":true,"href":"https:\/\/sitis.com.co\/en\/wp-json\/wp\/v2\/comments?post=191"}],"version-history":[{"count":0,"href":"https:\/\/sitis.com.co\/en\/wp-json\/wp\/v2\/pages\/191\/revisions"}],"wp:attachment":[{"href":"https:\/\/sitis.com.co\/en\/wp-json\/wp\/v2\/media?parent=191"}],"curies":[{"name":"wp","href":"https:\/\/api.w.org\/{rel}","templated":true}]}}