{"id":41,"date":"2021-09-23T03:28:48","date_gmt":"2021-09-23T03:28:48","guid":{"rendered":"https:\/\/demo.casethemes.net\/itfirm\/?page_id=41"},"modified":"2023-11-02T16:01:35","modified_gmt":"2023-11-02T21:01:35","slug":"contact","status":"publish","type":"page","link":"https:\/\/sitis.com.co\/en\/contact\/","title":{"rendered":"Contacto"},"content":{"rendered":"<div data-elementor-type=\"wp-page\" data-elementor-id=\"41\" class=\"elementor elementor-41\" data-elementor-post-type=\"page\">\n\t\t\t\t        <section class=\"elementor-section elementor-top-section elementor-element elementor-element-7f2cff6 elementor-section-stretched elementor-section-boxed elementor-section-height-default elementor-section-height-default ct-header-fixed-none ct-column-none ct-row-scroll-none ct-row-gradient--none\" data-id=\"7f2cff6\" data-element_type=\"section\" data-e-type=\"section\" data-settings=\"{&quot;stretch_section&quot;:&quot;section-stretched&quot;,&quot;background_background&quot;:&quot;classic&quot;}\">\n            \n                        <div class=\"elementor-container elementor-column-gap-extended\">\n                    <div class=\"elementor-column elementor-col-100 elementor-top-column elementor-element elementor-element-cd7c79a ct-column-none col-offset-none col-color-offset-none\" data-id=\"cd7c79a\" data-element_type=\"column\" data-e-type=\"column\">\n        <div class=\"elementor-widget-wrap elementor-element-populated\">\n                    \n                <section class=\"elementor-section elementor-inner-section elementor-element elementor-element-fc4c3f3 elementor-section-content-middle elementor-section-boxed elementor-section-height-default elementor-section-height-default ct-header-fixed-none ct-column-none ct-row-scroll-none ct-row-gradient--none\" data-id=\"fc4c3f3\" data-element_type=\"section\" data-e-type=\"section\">\n            \n                        <div class=\"elementor-container elementor-column-gap-extended\">\n                    <div class=\"elementor-column elementor-col-50 elementor-inner-column elementor-element elementor-element-52e0abf ct-column-none col-offset-none col-color-offset-none\" data-id=\"52e0abf\" data-element_type=\"column\" data-e-type=\"column\">\n        <div class=\"elementor-widget-wrap elementor-element-populated\">\n                    \n        \t\t<div class=\"elementor-element elementor-element-98c729d elementor-widget elementor-widget-ct_heading\" data-id=\"98c729d\" data-element_type=\"widget\" data-e-type=\"widget\" data-widget_type=\"ct_heading.default\">\n\t\t\t\t<div class=\"elementor-widget-container\">\n\t\t\t\t\t<div id=\"ct_heading-98c729d\" class=\"ct-heading h-align- item-st-default highlight-style1\">\r\n  <div class=\"ct-heading--inner\"> \r\n    <div class=\"ct-inline-css\"  data-css=\"                                \">\r\n    <\/div>\r\n      <div class=\"item--text-below\">\r\n      <div class=\"ct-inline-css\"  data-css=\"        \">\r\n      <\/div>\r\n          <\/div>\r\n  \r\n\t\t\t<div class=\"item--sub-title style-icon-right\" data-wow-delay=\"ms\">\r\n                        <span>\r\n                Contact us             <\/span>\r\n                            <svg class=\"svg-right\" xmlns=\"http:\/\/www.w3.org\/2000\/svg\" xmlns:xlink=\"http:\/\/www.w3.org\/1999\/xlink\" width=\"33\" height=\"21\" viewbox=\"0 0 33 21\">\r\n                  <defs>\r\n                    <style>\r\n                      .h-cls-1, .h-cls-2 {\r\n                        fill: none;\r\n                        stroke-width: 3px;\r\n                        fill-rule: evenodd;\r\n                      }\r\n\r\n                      .h-cls-1 {\r\n                        filter: url(#filter);\r\n                      }\r\n\r\n                      .h-cls-2 {\r\n                        filter: url(#filter-2);\r\n                      }\r\n                    <\/style>\r\n                    <filter id=\"right-h-filterct_heading-98c729d\" x=\"-0.125\" y=\"-0.094\" width=\"32.406\" height=\"12\" filterunits=\"userSpaceOnUse\">\r\n                      <feflood result=\"flood\"\/>\r\n                      <fecomposite result=\"composite\" operator=\"in\" in2=\"SourceGraphic\"\/>\r\n                      <feblend result=\"blend\" in2=\"SourceGraphic\"\/>\r\n                    <\/filter>\r\n                    <filter id=\"right-h-filter-2ct_heading-98c729d\" x=\"-10\" y=\"14.594\" width=\"29.656\" height=\"6.406\" filterunits=\"userSpaceOnUse\">\r\n                      <feflood result=\"flood\"\/>\r\n                      <fecomposite result=\"composite\" operator=\"in\" in2=\"SourceGraphic\"\/>\r\n                      <feblend result=\"blend\" in2=\"SourceGraphic\"\/>\r\n                    <\/filter>\r\n\r\n                    <lineargradient id=\"right-h-grad1ct_heading-98c729d\" x1=\"0%\" y1=\"0%\" x2=\"100%\" y2=\"0%\">\r\n                      <stop offset=\"0%\" style=\"stop-color:#0363a8;stop-opacity:1\" \/>\r\n                      <stop offset=\"100%\" style=\"stop-color:#042568;stop-opacity:1\" \/>\r\n                    <\/lineargradient>\r\n\r\n                  <\/defs>\r\n                  <g>\r\n                    <g style=\"fill: none; filter: url(#right-h-filterct_heading-98c729d)\">\r\n                      <path id=\"right-h-pathct_heading-98c729d\" class=\"h-cls-1\" d=\"M-0.117,8.9H27.036s5.078-3.073,0-6.517\" style=\"stroke: inherit; filter: none;\"\/>\r\n                    <\/g>\r\n                    <use xlink:href=\"#right-h-pathct_heading-98c729d\" style=\"stroke: url(#right-h-grad1ct_heading-98c729d); filter: none; fill: none\"\/>\r\n                    <g style=\"fill: none; filter: url(#right-h-filter-2ct_heading-98c729d)\">\r\n                      <path id=\"right-h-bgct_heading-98c729d\" class=\"h-cls-2\" d=\"M-9.991,14.594H17.352s5.114,3.027,0,6.422\" style=\"stroke: inherit; filter: none;\"\/>\r\n                    <\/g>\r\n                    <use xlink:href=\"#right-h-bgct_heading-98c729d\" style=\"stroke: url(#right-h-grad1ct_heading-98c729d); filter: none; fill: none\"\/>\r\n                  <\/g>\r\n                <\/svg>\r\n                    <\/div>\r\n\t    <h3 class=\"item--title st-default\" data-wow-delay=\"ms\">\r\n        <span class=\"ct-text-inner\">Beneficie la salud y mejore la seguridad de sus pacientes         <cite class=\"ct-text-highlight\">\r\n            con nuestra Historia Cl\u00ednica         <\/cite>\r\n        <\/span>    <\/h3>\r\n  <\/div>\r\n<\/div>\r\n\t\t\t\t<\/div>\n\t\t\t\t<\/div>\n\t\t            <\/div>\n        <\/div>\n                <div class=\"elementor-column elementor-col-50 elementor-inner-column elementor-element elementor-element-f66f351 ct-column-none col-offset-none col-color-offset-none\" data-id=\"f66f351\" data-element_type=\"column\" data-e-type=\"column\">\n        <div class=\"elementor-widget-wrap elementor-element-populated\">\n                    \n        \t\t<div class=\"elementor-element elementor-element-c1502ec elementor-widget elementor-widget-ct_text_editor\" data-id=\"c1502ec\" data-element_type=\"widget\" data-e-type=\"widget\" data-widget_type=\"ct_text_editor.default\">\n\t\t\t\t<div class=\"elementor-widget-container\">\n\t\t\t\t\t<div id=\"ct_text_editor-c1502ec\" class=\"ct-text-editor\" data-wow-delay=\"ms\">\n\t<div class=\"ct-item--inner\">\n\t\t<div class=\"ct-inline-css\"  data-css=\"\t        \t\t\t\">\n\n\t    <\/div>\n\t\t<div class=\"ct-text-editor elementor-clearfix\">\n\t\t\t<p>Entendemos la importancia de abordar cada obra de manera integral y creemos en el poder de lo simple.<\/p>\t\t\n\t\t<\/div>\n\t<\/div>\n<\/div>\t\t\t\t<\/div>\n\t\t\t\t<\/div>\n\t\t            <\/div>\n        <\/div>\n                    <\/div>\n        <\/section>\n                <section class=\"elementor-section elementor-inner-section elementor-element elementor-element-192ebe7 elementor-section-content-middle elementor-section-boxed elementor-section-height-default elementor-section-height-default ct-header-fixed-none ct-column-none ct-row-scroll-none ct-row-gradient--none\" data-id=\"192ebe7\" data-element_type=\"section\" data-e-type=\"section\">\n            \n                        <div class=\"elementor-container elementor-column-gap-extended\">\n                    <div class=\"elementor-column elementor-col-50 elementor-inner-column elementor-element elementor-element-84d320e ct-column-none col-offset-none col-color-offset-none\" data-id=\"84d320e\" data-element_type=\"column\" data-e-type=\"column\">\n        <div class=\"elementor-widget-wrap elementor-element-populated\">\n                    \n        \t\t<div class=\"elementor-element elementor-element-f993f7e elementor-widget elementor-widget-ct_fancy_box\" data-id=\"f993f7e\" data-element_type=\"widget\" data-e-type=\"widget\" data-widget_type=\"ct_fancy_box.default\">\n\t\t\t\t<div class=\"elementor-widget-container\">\n\t\t\t\t\t<div id=\"ct_fancy_box-f993f7e\" class=\"ct-fancy-box ct-fancy-box-layout1  style1\" data-wow-delay=\"ms\">\r\n    <div class=\"ct-inline-css\"  data-css=\"        \">\r\n    <\/div>\r\n    <div class=\"item--inner\">\r\n                    <div class=\"item--icon\">\r\n                <i aria-hidden=\"true\" class=\"flaticon flaticon-address\"><\/i>            <\/div>\r\n                        <div class=\"item--meta\">\r\n            <h4 class=\"item--title\">\r\n                Direcci\u00f3n oficina Colombia            <\/h4>\r\n            <div class=\"item--description\">Cll 15 Norte # 7 - 47 Comuna 1, Popay\u00e1n - Cauca\n<\/div>\r\n        <\/div>\r\n    <\/div>\r\n<\/div>\t\t\t\t<\/div>\n\t\t\t\t<\/div>\n\t\t\t\t<div class=\"elementor-element elementor-element-b313eed elementor-widget elementor-widget-ct_fancy_box\" data-id=\"b313eed\" data-element_type=\"widget\" data-e-type=\"widget\" data-widget_type=\"ct_fancy_box.default\">\n\t\t\t\t<div class=\"elementor-widget-container\">\n\t\t\t\t\t<div id=\"ct_fancy_box-b313eed\" class=\"ct-fancy-box ct-fancy-box-layout1  style1\" data-wow-delay=\"ms\">\r\n    <div class=\"ct-inline-css\"  data-css=\"        \">\r\n    <\/div>\r\n    <div class=\"item--inner\">\r\n                    <div class=\"item--icon\">\r\n                <i aria-hidden=\"true\" class=\"flaticon flaticon-address\"><\/i>            <\/div>\r\n                        <div class=\"item--meta\">\r\n            <h4 class=\"item--title\">\r\n                Direcci\u00f3n oficina M\u00e9xico            <\/h4>\r\n            <div class=\"item--description\">Manuel L\u00f3pez Cotilla 1125, Col del Valle Centro, Benito Ju\u00e1rez, 03100 Ciudad de M\u00e9xico, CDMX, M\u00e9xico<\/div>\r\n        <\/div>\r\n    <\/div>\r\n<\/div>\t\t\t\t<\/div>\n\t\t\t\t<\/div>\n\t\t\t\t<div class=\"elementor-element elementor-element-4bdc935 elementor-widget elementor-widget-ct_fancy_box\" data-id=\"4bdc935\" data-element_type=\"widget\" data-e-type=\"widget\" data-widget_type=\"ct_fancy_box.default\">\n\t\t\t\t<div class=\"elementor-widget-container\">\n\t\t\t\t\t<div id=\"ct_fancy_box-4bdc935\" class=\"ct-fancy-box ct-fancy-box-layout1  style1\" data-wow-delay=\"ms\">\r\n    <div class=\"ct-inline-css\"  data-css=\"        \">\r\n    <\/div>\r\n    <div class=\"item--inner\">\r\n                    <div class=\"item--icon\">\r\n                <i aria-hidden=\"true\" class=\"flaticon flaticon-24-hours-support\"><\/i>            <\/div>\r\n                        <div class=\"item--meta\">\r\n            <h4 class=\"item--title\">\r\n                N\u00famero de contacto            <\/h4>\r\n            <div class=\"item--description\"><b>Comercial:<\/b><\/br> (+57) 311 742-9432<\/br>\n<b>Mesa de ayuda:<\/b><\/br>(+57) 310 378-6262<\/br>\n<b>Administraci\u00f3n y finanzas:<\/b><\/br>(+57) 311 741-0502\n<\/div>\r\n        <\/div>\r\n    <\/div>\r\n<\/div>\t\t\t\t<\/div>\n\t\t\t\t<\/div>\n\t\t\t\t<div class=\"elementor-element elementor-element-82fcc19 elementor-widget elementor-widget-ct_fancy_box\" data-id=\"82fcc19\" data-element_type=\"widget\" data-e-type=\"widget\" data-widget_type=\"ct_fancy_box.default\">\n\t\t\t\t<div class=\"elementor-widget-container\">\n\t\t\t\t\t<div id=\"ct_fancy_box-82fcc19\" class=\"ct-fancy-box ct-fancy-box-layout1  style1\" data-wow-delay=\"ms\">\r\n    <div class=\"ct-inline-css\"  data-css=\"        \">\r\n    <\/div>\r\n    <div class=\"item--inner\">\r\n                    <div class=\"item--icon\">\r\n                <i aria-hidden=\"true\" class=\"flaticon flaticon-email-1\"><\/i>            <\/div>\r\n                        <div class=\"item--meta\">\r\n            <h4 class=\"item--title\">\r\n                Correo electr\u00f3nico            <\/h4>\r\n            <div class=\"item--description\"><b>Email comercial:<\/b> <br>comercial@sitis.com.co<\/br> \n<b>Email t\u00e9cnico:<\/b> <br>mesadeayuda@sitis.com.co<\/br> \n<b>Email administrativo:<\/b>  <br>finanzas@sitis.com.co<\/br> \n<b>Email Proyecto internacional:<\/b>\nproyectos@sitis.com.co \n<\/div>\r\n        <\/div>\r\n    <\/div>\r\n<\/div>\t\t\t\t<\/div>\n\t\t\t\t<\/div>\n\t\t            <\/div>\n        <\/div>\n                <div class=\"elementor-column elementor-col-50 elementor-inner-column elementor-element elementor-element-2c37c6f ct-column-none col-offset-none col-color-offset-none\" data-id=\"2c37c6f\" data-element_type=\"column\" data-e-type=\"column\">\n        <div class=\"elementor-widget-wrap elementor-element-populated\">\n                    \n        \t\t<div class=\"elementor-element elementor-element-487d65e elementor-widget elementor-widget-ct_contact_form\" data-id=\"487d65e\" data-element_type=\"widget\" data-e-type=\"widget\" data-widget_type=\"ct_contact_form.default\">\n\t\t\t\t<div class=\"elementor-widget-container\">\n\t\t\t\t\t    <div class=\"ct-contact-form ct-contact-form-layout1 style1\">\r\n    \t        <div class=\"ct-contact-form\">\r\n            \n<div class=\"wpcf7 no-js\" id=\"wpcf7-f420-o1\" lang=\"en-US\" dir=\"ltr\" data-wpcf7-id=\"420\">\n<div class=\"screen-reader-response\"><p role=\"status\" aria-live=\"polite\" aria-atomic=\"true\"><\/p> <ul><\/ul><\/div>\n<form action=\"\/en\/wp-json\/wp\/v2\/pages\/41#wpcf7-f420-o1\" method=\"post\" class=\"wpcf7-form init\" aria-label=\"Contact form\" novalidate=\"novalidate\" data-status=\"init\" data-trp-original-action=\"\/en\/wp-json\/wp\/v2\/pages\/41#wpcf7-f420-o1\">\n<fieldset class=\"hidden-fields-container\"><input type=\"hidden\" name=\"_wpcf7\" value=\"420\" \/><input type=\"hidden\" name=\"_wpcf7_version\" value=\"6.1.5\" \/><input type=\"hidden\" name=\"_wpcf7_locale\" value=\"en_US\" \/><input type=\"hidden\" name=\"_wpcf7_unit_tag\" value=\"wpcf7-f420-o1\" \/><input type=\"hidden\" name=\"_wpcf7_container_post\" value=\"0\" \/><input type=\"hidden\" name=\"_wpcf7_posted_data_hash\" value=\"\" \/>\n<\/fieldset>\n<div class=\"row\">\n\t<div class=\"input-filled col-lg-6 col-md-6\">\n\t\t<p><label>Nombres (requirido)<\/label><span class=\"wpcf7-form-control-wrap\" data-name=\"your-name\"><input size=\"40\" maxlength=\"400\" class=\"wpcf7-form-control wpcf7-text wpcf7-validates-as-required\" aria-required=\"true\" aria-invalid=\"false\" placeholder=\"Nombre y apellido*\" value=\"\" type=\"text\" name=\"your-name\" \/><\/span>\n\t\t<\/p>\n\t<\/div>\n\t<div class=\"input-filled col-lg-6 col-md-6\">\n\t\t<p><label>Email (requirido)<\/label><span class=\"wpcf7-form-control-wrap\" data-name=\"your-email\"><input size=\"40\" maxlength=\"400\" class=\"wpcf7-form-control wpcf7-email wpcf7-validates-as-required wpcf7-text wpcf7-validates-as-email\" aria-required=\"true\" aria-invalid=\"false\" placeholder=\"Email*\" value=\"\" type=\"email\" name=\"your-email\" \/><\/span>\n\t\t<\/p>\n\t<\/div>\n<\/div>\n<div class=\"row\">\n\t<div class=\"input-filled col-lg-6 col-md-6\">\n\t\t<p><label>Contacto (opcional)<\/label><span class=\"wpcf7-form-control-wrap\" data-name=\"your-phone\"><input size=\"40\" maxlength=\"400\" class=\"wpcf7-form-control wpcf7-text\" aria-invalid=\"false\" placeholder=\"No Celular\" value=\"\" type=\"text\" name=\"your-phone\" \/><\/span>\n\t\t<\/p>\n\t<\/div>\n\t<div class=\"input-filled col-lg-6 col-md-6\">\n\t\t<p><label>Servicio(requirido)<\/label><span class=\"wpcf7-form-control-wrap\" data-name=\"your-service\"><select class=\"wpcf7-form-control wpcf7-select wpcf7-validates-as-required\" aria-required=\"true\" aria-invalid=\"false\" name=\"your-service\"><option value=\"Software Salud\">Software Salud<\/option><option value=\"Soporte t\u00e9cnico\">Soporte t\u00e9cnico<\/option><option value=\"Felicitar a Sitis\">Felicitar a Sitis<\/option><option value=\"Solicitud cotizaci\u00f3n\">Solicitud cotizaci\u00f3n<\/option><\/select><\/span>\n\t\t<\/p>\n\t<\/div>\n<\/div>\n<div class=\"row\">\n\t<div class=\"input-filled col-12\">\n\t\t<p><label>Mensaje<\/label><span class=\"wpcf7-form-control-wrap\" data-name=\"your-message\"><textarea cols=\"40\" rows=\"10\" maxlength=\"2000\" class=\"wpcf7-form-control wpcf7-textarea wpcf7-validates-as-required\" aria-required=\"true\" aria-invalid=\"false\" placeholder=\"Cuerpo del mensaje*\" name=\"your-message\"><\/textarea><\/span>\n\t\t<\/p>\n\t<\/div>\n\t<div class=\"input-filled col-12\">\n\t\t<p><button id=\"envio-button\" type=\"submit\" class=\"wpcf7-submit btn\">Enviar mensaje a Sitis<\/button>\n\t\t<\/p>\n\t<\/div>\n<\/div><div class=\"wpcf7-response-output\" aria-hidden=\"true\"><\/div>\n<input type=\"hidden\" name=\"trp-form-language\" value=\"en\"\/><\/form>\n<\/div>\n        <\/div>\r\n    <\/div>\r\n\t\t\t\t<\/div>\n\t\t\t\t<\/div>\n\t\t            <\/div>\n        <\/div>\n                    <\/div>\n        <\/section>\n                    <\/div>\n        <\/div>\n                    <\/div>\n        <\/section>\n                <section class=\"elementor-section elementor-top-section elementor-element elementor-element-bcfba8e elementor-section-full_width elementor-section-stretched elementor-section-height-default elementor-section-height-default ct-header-fixed-none ct-column-none ct-row-scroll-none ct-row-gradient--none ct-container-none\" data-id=\"bcfba8e\" data-element_type=\"section\" data-e-type=\"section\" data-settings=\"{&quot;stretch_section&quot;:&quot;section-stretched&quot;,&quot;background_background&quot;:&quot;classic&quot;}\">\n            \n                        <div class=\"elementor-container elementor-column-gap-narrow\">\n                    <div class=\"elementor-column elementor-col-50 elementor-top-column elementor-element elementor-element-d3c356e ct-column-none col-offset-none col-color-offset-none\" data-id=\"d3c356e\" data-element_type=\"column\" data-e-type=\"column\">\n        <div class=\"elementor-widget-wrap elementor-element-populated\">\n                    \n        \t\t<div class=\"elementor-element elementor-element-406305b elementor-widget elementor-widget-heading\" data-id=\"406305b\" data-element_type=\"widget\" data-e-type=\"widget\" data-widget_type=\"heading.default\">\n\t\t\t\t<div class=\"elementor-widget-container\">\n\t\t\t\t\t<h2 class=\"elementor-heading-title elementor-size-default\">Sede Colombia<\/h2>\t\t\t\t<\/div>\n\t\t\t\t<\/div>\n\t\t            <\/div>\n        <\/div>\n                <div class=\"elementor-column elementor-col-50 elementor-top-column elementor-element elementor-element-9102883 ct-column-none col-offset-none col-color-offset-none\" data-id=\"9102883\" data-element_type=\"column\" data-e-type=\"column\">\n        <div class=\"elementor-widget-wrap elementor-element-populated\">\n                    \n        \t\t<div class=\"elementor-element elementor-element-c94a8e9 elementor-widget elementor-widget-heading\" data-id=\"c94a8e9\" data-element_type=\"widget\" data-e-type=\"widget\" data-widget_type=\"heading.default\">\n\t\t\t\t<div class=\"elementor-widget-container\">\n\t\t\t\t\t<h2 class=\"elementor-heading-title elementor-size-default\">Sede M\u00e9xico<\/h2>\t\t\t\t<\/div>\n\t\t\t\t<\/div>\n\t\t            <\/div>\n        <\/div>\n                    <\/div>\n        <\/section>\n                <section class=\"elementor-section elementor-top-section elementor-element elementor-element-9add66e elementor-section-full_width elementor-section-stretched elementor-section-height-default elementor-section-height-default ct-header-fixed-none ct-column-none ct-row-scroll-none ct-row-gradient--none ct-container-none\" data-id=\"9add66e\" data-element_type=\"section\" data-e-type=\"section\" data-settings=\"{&quot;stretch_section&quot;:&quot;section-stretched&quot;,&quot;background_background&quot;:&quot;classic&quot;}\">\n            \n                        <div class=\"elementor-container elementor-column-gap-narrow\">\n                    <div class=\"elementor-column elementor-col-50 elementor-top-column elementor-element elementor-element-d55d033 ct-column-none col-offset-none col-color-offset-none\" data-id=\"d55d033\" data-element_type=\"column\" data-e-type=\"column\">\n        <div class=\"elementor-widget-wrap elementor-element-populated\">\n                    \n        \t\t<div class=\"elementor-element elementor-element-8d47158 elementor-widget elementor-widget-google_maps\" data-id=\"8d47158\" data-element_type=\"widget\" data-e-type=\"widget\" data-widget_type=\"google_maps.default\">\n\t\t\t\t<div class=\"elementor-widget-container\">\n\t\t\t\t\t\t\t<div class=\"elementor-custom-embed\">\n\t\t\t<iframe loading=\"lazy\"\n\t\t\t\t\tsrc=\"https:\/\/maps.google.com\/maps?q=Cll%2015%20Norte%20%23%207%20-%2047%20Comunica%201%2C%20Popay%C3%A1n&#038;t=m&#038;z=15&#038;output=embed&#038;iwloc=near\"\n\t\t\t\t\ttitle=\"Cll 15 Norte # 7 - 47 Comunica 1, Popay\u00e1n\"\n\t\t\t\t\taria-label=\"Cll 15 Norte # 7 - 47 Comunica 1, Popay\u00e1n\"\n\t\t\t><\/iframe>\n\t\t<\/div>\n\t\t\t\t\t\t<\/div>\n\t\t\t\t<\/div>\n\t\t            <\/div>\n        <\/div>\n                <div class=\"elementor-column elementor-col-50 elementor-top-column elementor-element elementor-element-af9759e ct-column-none col-offset-none col-color-offset-none\" data-id=\"af9759e\" data-element_type=\"column\" data-e-type=\"column\">\n        <div class=\"elementor-widget-wrap elementor-element-populated\">\n                    \n        \t\t<div class=\"elementor-element elementor-element-68dec89 elementor-widget elementor-widget-google_maps\" data-id=\"68dec89\" data-element_type=\"widget\" data-e-type=\"widget\" data-widget_type=\"google_maps.default\">\n\t\t\t\t<div class=\"elementor-widget-container\">\n\t\t\t\t\t\t\t<div class=\"elementor-custom-embed\">\n\t\t\t<iframe loading=\"lazy\"\n\t\t\t\t\tsrc=\"https:\/\/maps.google.com\/maps?q=Lopez%20Cotilla%201125%2C%20colonia%20del%20Valle%2C%20CDMX&#038;t=m&#038;z=15&#038;output=embed&#038;iwloc=near\"\n\t\t\t\t\ttitle=\"Lopez Cotilla 1125, colonia del Valle, CDMX\"\n\t\t\t\t\taria-label=\"Lopez Cotilla 1125, colonia del Valle, CDMX\"\n\t\t\t><\/iframe>\n\t\t<\/div>\n\t\t\t\t\t\t<\/div>\n\t\t\t\t<\/div>\n\t\t            <\/div>\n        <\/div>\n                    <\/div>\n        <\/section>\n        \t\t<\/div>","protected":false},"excerpt":{"rendered":"<p>Cont\u00e1ctenos Beneficie la salud y mejore la seguridad de sus pacientes con nuestra Historia Cl\u00ednica Entendemos la importancia de abordar cada obra de manera integral y creemos en el poder de lo simple. Direcci\u00f3n oficina Colombia Cll 15 Norte # 7 &#8211; 47 Comuna 1, Popay\u00e1n &#8211; Cauca Direcci\u00f3n oficina M\u00e9xico Manuel L\u00f3pez Cotilla 1125, [&hellip;]<\/p>\n","protected":false},"author":1,"featured_media":0,"parent":0,"menu_order":0,"comment_status":"closed","ping_status":"closed","template":"","meta":{"footnotes":""},"class_list":["post-41","page","type-page","status-publish","hentry"],"_links":{"self":[{"href":"https:\/\/sitis.com.co\/en\/wp-json\/wp\/v2\/pages\/41","targetHints":{"allow":["GET"]}}],"collection":[{"href":"https:\/\/sitis.com.co\/en\/wp-json\/wp\/v2\/pages"}],"about":[{"href":"https:\/\/sitis.com.co\/en\/wp-json\/wp\/v2\/types\/page"}],"author":[{"embeddable":true,"href":"https:\/\/sitis.com.co\/en\/wp-json\/wp\/v2\/users\/1"}],"replies":[{"embeddable":true,"href":"https:\/\/sitis.com.co\/en\/wp-json\/wp\/v2\/comments?post=41"}],"version-history":[{"count":0,"href":"https:\/\/sitis.com.co\/en\/wp-json\/wp\/v2\/pages\/41\/revisions"}],"wp:attachment":[{"href":"https:\/\/sitis.com.co\/en\/wp-json\/wp\/v2\/media?parent=41"}],"curies":[{"name":"wp","href":"https:\/\/api.w.org\/{rel}","templated":true}]}}