{"id":6896,"date":"2022-10-05T07:02:06","date_gmt":"2022-10-05T12:02:06","guid":{"rendered":"https:\/\/demo.casethemes.net\/itfirm\/?page_id=6896"},"modified":"2023-09-28T08:18:25","modified_gmt":"2023-09-28T13:18:25","slug":"casos-de-exitos","status":"publish","type":"page","link":"https:\/\/sitis.com.co\/en\/casos-de-exitos\/","title":{"rendered":"Success stories"},"content":{"rendered":"<div data-elementor-type=\"wp-page\" data-elementor-id=\"6896\" class=\"elementor elementor-6896\" data-elementor-post-type=\"page\">\n\t\t\t\t        <section class=\"elementor-section elementor-top-section elementor-element elementor-element-ca7b3a1 elementor-section-boxed elementor-section-height-default elementor-section-height-default ct-header-fixed-none ct-column-none ct-row-scroll-none ct-row-gradient--none\" data-id=\"ca7b3a1\" data-element_type=\"section\" data-e-type=\"section\">\n            \n                        <div class=\"elementor-container elementor-column-gap-extended\">\n                    <div class=\"elementor-column elementor-col-100 elementor-top-column elementor-element elementor-element-8d142c6 ct-column-none col-offset-none col-color-offset-none\" data-id=\"8d142c6\" data-element_type=\"column\" data-e-type=\"column\">\n        <div class=\"elementor-widget-wrap elementor-element-populated\">\n                    \n        \t\t<div class=\"elementor-element elementor-element-d442db5 elementor-widget elementor-widget-ct_portfolio_grid\" data-id=\"d442db5\" data-element_type=\"widget\" data-e-type=\"widget\" data-widget_type=\"ct_portfolio_grid.default\">\n\t\t\t\t<div class=\"elementor-widget-container\">\n\t\t\t\t\t\r\n<div id=\"ct_portfolio_grid-d442db5\" class=\"ct-grid ct-portfolio ct-portfolio-grid1 item--default-space\" data-layout=\"masonry\" data-start-page=\"1\" data-max-pages=\"1\" data-total=\"6\" data-perpage=\"6\" data-next-link=\"\">\r\n            <div class=\"grid-filter-wrap\">\r\n            <span class=\"filter-item active\" data-filter=\"*\">All<\/span>\r\n                                                            \r\n                <span class=\"filter-item\" data-filter=\".colombia\">\r\n                    Colombia                <\/span>\r\n                                                            \r\n                <span class=\"filter-item\" data-filter=\".ecuador\">\r\n                    Ecuador                <\/span>\r\n                                                            \r\n                <span class=\"filter-item\" data-filter=\".mexico\">\r\n                    M\u00e9xico                <\/span>\r\n                    <\/div>\r\n    \r\n    <div class=\"ct-grid-inner ct-grid-masonry row animate-time\" data-gutter=\"15\">\r\n                            <div class=\"grid-item col-xl-4 col-lg-4 col-md-6 col-sm-6 col-12 mexico\">\r\n                        <div class=\"grid-item-inner\" data-wow-duration=\"1.2s\">\r\n                            <div class=\"item--featured\">\r\n                                <img fetchpriority=\"high\" decoding=\"async\" class=\"no-lazyload\" src=\"https:\/\/sitis.com.co\/wp-content\/uploads\/2023\/09\/mexico2023-600x589.png\" width=\"600\" height=\"589\" alt=\"sitis\" title=\"mexico2023\" \/>                            <\/div>\r\n                            <div class=\"item--meta\">\r\n                                                                    <h4 class=\"item--title\">\r\n                                        <a href=\"https:\/\/sitis.com.co\/en\/portfolio\/expediente-medico-administrativo-ema-web-republica-de-mexico\/\">                                            Medical record Administrative EMA Web \u2013 Republic of Mexico                                        <\/a>                                    <\/h4>\r\n                                                                                                    <div class=\"item--category\">\r\n                                        <a href=\"https:\/\/sitis.com.co\/en\/portfolio-category\/mexico\/\" rel=\"tag\">M\u00e9xico<\/a>                                    <\/div>\r\n                                                            <\/div>\r\n                            <div class=\"item--holder\">\r\n                                <div class=\"item--holder-inner\">\r\n                                                                                                                <div class=\"item--readmore\">\r\n                                            <a href=\"https:\/\/sitis.com.co\/en\/portfolio\/expediente-medico-administrativo-ema-web-republica-de-mexico\/\">+<\/a>\r\n                                        <\/div>\r\n                                                                    <\/div>\r\n                            <\/div>\r\n                        <\/div>\r\n                    <\/div>\r\n                                <div class=\"grid-item col-xl-4 col-lg-4 col-md-6 col-sm-6 col-12 ecuador\">\r\n                        <div class=\"grid-item-inner\" data-wow-duration=\"1.2s\">\r\n                            <div class=\"item--featured\">\r\n                                <img decoding=\"async\" class=\"no-lazyload\" src=\"https:\/\/sitis.com.co\/wp-content\/uploads\/2023\/09\/ecuador2023-600x589.png\" width=\"600\" height=\"589\" alt=\"sitis\" title=\"ecuador2023\" \/>                            <\/div>\r\n                            <div class=\"item--meta\">\r\n                                                                    <h4 class=\"item--title\">\r\n                                        <a href=\"https:\/\/sitis.com.co\/en\/portfolio\/plan-de-aseguramiento-popular-republica-del-ecuador\/\">                                            Assurance Plan Popular \u2013 Republic of Ecuador                                        <\/a>                                    <\/h4>\r\n                                                                                                    <div class=\"item--category\">\r\n                                        <a href=\"https:\/\/sitis.com.co\/en\/portfolio-category\/ecuador\/\" rel=\"tag\">Ecuador<\/a>                                    <\/div>\r\n                                                            <\/div>\r\n                            <div class=\"item--holder\">\r\n                                <div class=\"item--holder-inner\">\r\n                                                                                                                <div class=\"item--readmore\">\r\n                                            <a href=\"https:\/\/sitis.com.co\/en\/portfolio\/plan-de-aseguramiento-popular-republica-del-ecuador\/\">+<\/a>\r\n                                        <\/div>\r\n                                                                    <\/div>\r\n                            <\/div>\r\n                        <\/div>\r\n                    <\/div>\r\n                                <div class=\"grid-item col-xl-4 col-lg-4 col-md-6 col-sm-6 col-12 colombia\">\r\n                        <div class=\"grid-item-inner\" data-wow-duration=\"1.2s\">\r\n                            <div class=\"item--featured\">\r\n                                <img decoding=\"async\" class=\"no-lazyload\" src=\"https:\/\/sitis.com.co\/wp-content\/uploads\/2023\/09\/logo-unisalud-header-600x589.png\" width=\"600\" height=\"589\" alt=\"sitis\" title=\"logo-unisalud-header\" \/>                            <\/div>\r\n                            <div class=\"item--meta\">\r\n                                                                    <h4 class=\"item--title\">\r\n                                        <a href=\"https:\/\/sitis.com.co\/en\/portfolio\/unidad-de-salud-universidad-del-cauca\/\">                                            Unit Of Health \u2013 University Of Cauca                                        <\/a>                                    <\/h4>\r\n                                                                                                    <div class=\"item--category\">\r\n                                        <a href=\"https:\/\/sitis.com.co\/en\/portfolio-category\/colombia\/\" rel=\"tag\">Colombia<\/a>                                    <\/div>\r\n                                                            <\/div>\r\n                            <div class=\"item--holder\">\r\n                                <div class=\"item--holder-inner\">\r\n                                                                                                                <div class=\"item--readmore\">\r\n                                            <a href=\"https:\/\/sitis.com.co\/en\/portfolio\/unidad-de-salud-universidad-del-cauca\/\">+<\/a>\r\n                                        <\/div>\r\n                                                                    <\/div>\r\n                            <\/div>\r\n                        <\/div>\r\n                    <\/div>\r\n                                <div class=\"grid-item col-xl-4 col-lg-4 col-md-6 col-sm-6 col-12 colombia\">\r\n                        <div class=\"grid-item-inner\" data-wow-duration=\"1.2s\">\r\n                            <div class=\"item--featured\">\r\n                                <img loading=\"lazy\" decoding=\"async\" class=\"no-lazyload\" src=\"https:\/\/sitis.com.co\/wp-content\/uploads\/2023\/09\/cersar-600x589.png\" width=\"600\" height=\"589\" alt=\"sitis\" title=\"cersar\" \/>                            <\/div>\r\n                            <div class=\"item--meta\">\r\n                                                                    <h4 class=\"item--title\">\r\n                                        <a href=\"https:\/\/sitis.com.co\/en\/portfolio\/secretaria-de-salud-del-cesar\/\">                                            Secretariat Of Health Of The Cesar                                        <\/a>                                    <\/h4>\r\n                                                                                                    <div class=\"item--category\">\r\n                                        <a href=\"https:\/\/sitis.com.co\/en\/portfolio-category\/colombia\/\" rel=\"tag\">Colombia<\/a>                                    <\/div>\r\n                                                            <\/div>\r\n                            <div class=\"item--holder\">\r\n                                <div class=\"item--holder-inner\">\r\n                                                                                                                <div class=\"item--readmore\">\r\n                                            <a href=\"https:\/\/sitis.com.co\/en\/portfolio\/secretaria-de-salud-del-cesar\/\">+<\/a>\r\n                                        <\/div>\r\n                                                                    <\/div>\r\n                            <\/div>\r\n                        <\/div>\r\n                    <\/div>\r\n                                <div class=\"grid-item col-xl-4 col-lg-4 col-md-6 col-sm-6 col-12 colombia\">\r\n                        <div class=\"grid-item-inner\" data-wow-duration=\"1.2s\">\r\n                            <div class=\"item--featured\">\r\n                                <img loading=\"lazy\" decoding=\"async\" class=\"no-lazyload\" src=\"https:\/\/sitis.com.co\/wp-content\/uploads\/2023\/09\/asmet-600x589.png\" width=\"600\" height=\"589\" alt=\"sitis\" title=\"asmet\" \/>                            <\/div>\r\n                            <div class=\"item--meta\">\r\n                                                                    <h4 class=\"item--title\">\r\n                                        <a href=\"https:\/\/sitis.com.co\/en\/portfolio\/asmet-salud-eps\/\">                                            Asmet Salud EPS                                        <\/a>                                    <\/h4>\r\n                                                                                                    <div class=\"item--category\">\r\n                                        <a href=\"https:\/\/sitis.com.co\/en\/portfolio-category\/colombia\/\" rel=\"tag\">Colombia<\/a>                                    <\/div>\r\n                                                            <\/div>\r\n                            <div class=\"item--holder\">\r\n                                <div class=\"item--holder-inner\">\r\n                                                                                                                <div class=\"item--readmore\">\r\n                                            <a href=\"https:\/\/sitis.com.co\/en\/portfolio\/asmet-salud-eps\/\">+<\/a>\r\n                                        <\/div>\r\n                                                                    <\/div>\r\n                            <\/div>\r\n                        <\/div>\r\n                    <\/div>\r\n                                <div class=\"grid-item col-xl-4 col-lg-4 col-md-6 col-sm-6 col-12 colombia\">\r\n                        <div class=\"grid-item-inner\" data-wow-duration=\"1.2s\">\r\n                            <div class=\"item--featured\">\r\n                                <img loading=\"lazy\" decoding=\"async\" class=\"no-lazyload\" src=\"https:\/\/sitis.com.co\/wp-content\/uploads\/2021\/09\/neiva2023-600x589.png\" width=\"600\" height=\"589\" alt=\"sitis\" title=\"neiva2023\" \/>                            <\/div>\r\n                            <div class=\"item--meta\">\r\n                                                                    <h4 class=\"item--title\">\r\n                                        <a href=\"https:\/\/sitis.com.co\/en\/portfolio\/hospital-universitario-hernando-moncaleano-perdomo-de-neiva-ese\/\">                                            Hospital Universitario Hernando Moncaleano Perdomo de Neiva ESE                                        <\/a>                                    <\/h4>\r\n                                                                                                    <div class=\"item--category\">\r\n                                        <a href=\"https:\/\/sitis.com.co\/en\/portfolio-category\/colombia\/\" rel=\"tag\">Colombia<\/a>                                    <\/div>\r\n                                                            <\/div>\r\n                            <div class=\"item--holder\">\r\n                                <div class=\"item--holder-inner\">\r\n                                                                                                                <div class=\"item--readmore\">\r\n                                            <a href=\"https:\/\/sitis.com.co\/en\/portfolio\/hospital-universitario-hernando-moncaleano-perdomo-de-neiva-ese\/\">+<\/a>\r\n                                        <\/div>\r\n                                                                    <\/div>\r\n                            <\/div>\r\n                        <\/div>\r\n                    <\/div>\r\n                                <div class=\"grid-sizer col-xl-4 col-lg-4 col-md-6 col-sm-6 col-12\"><\/div>\r\n            <\/div>\r\n        <\/div>\t\t\t\t<\/div>\n\t\t\t\t<\/div>\n\t\t            <\/div>\n        <\/div>\n                    <\/div>\n        <\/section>\n        \t\t<\/div>","protected":false},"excerpt":{"rendered":"<p>All Colombia Ecuador M\u00e9xico EXPEDIENTE M\u00c9DICO ADMINISTRATIVO EMA WEB \u2013 Rep\u00fablica de M\u00e9xico M\u00e9xico + PLAN DE ASEGURAMIENTO POPULAR \u2013 Rep\u00fablica del Ecuador Ecuador + UNIDAD DE SALUD \u2013 UNIVERSIDAD DEL CAUCA Colombia + SECRETAR\u00cdA DE SALUD DEL CESAR Colombia + ASMET SALUD EPS Colombia + HOSPITAL UNIVERSITARIO HERNANDO MONCALEANO PERDOMO DE NEIVA ESE Colombia [&hellip;]<\/p>\n","protected":false},"author":1,"featured_media":0,"parent":0,"menu_order":0,"comment_status":"closed","ping_status":"closed","template":"","meta":{"footnotes":""},"class_list":["post-6896","page","type-page","status-publish","hentry"],"_links":{"self":[{"href":"https:\/\/sitis.com.co\/en\/wp-json\/wp\/v2\/pages\/6896","targetHints":{"allow":["GET"]}}],"collection":[{"href":"https:\/\/sitis.com.co\/en\/wp-json\/wp\/v2\/pages"}],"about":[{"href":"https:\/\/sitis.com.co\/en\/wp-json\/wp\/v2\/types\/page"}],"author":[{"embeddable":true,"href":"https:\/\/sitis.com.co\/en\/wp-json\/wp\/v2\/users\/1"}],"replies":[{"embeddable":true,"href":"https:\/\/sitis.com.co\/en\/wp-json\/wp\/v2\/comments?post=6896"}],"version-history":[{"count":0,"href":"https:\/\/sitis.com.co\/en\/wp-json\/wp\/v2\/pages\/6896\/revisions"}],"wp:attachment":[{"href":"https:\/\/sitis.com.co\/en\/wp-json\/wp\/v2\/media?parent=6896"}],"curies":[{"name":"wp","href":"https:\/\/api.w.org\/{rel}","templated":true}]}}